{"id":11,"date":"2018-12-31T20:50:51","date_gmt":"2018-12-31T19:50:51","guid":{"rendered":"https:\/\/leipzig.white-lounge.com\/veneers\/?page_id=11"},"modified":"2018-12-31T21:23:37","modified_gmt":"2018-12-31T20:23:37","slug":"impressum","status":"publish","type":"page","link":"https:\/\/leipzig.white-lounge.com\/veneers\/impressum\/","title":{"rendered":"Impressum"},"content":{"rendered":"\t\t<div data-elementor-type=\"wp-post\" data-elementor-id=\"11\" class=\"elementor elementor-11 elementor-bc-flex-widget\">\n\t\t\t\t\t\t<div class=\"elementor-inner\">\n\t\t\t\t<div class=\"elementor-section-wrap\">\n\t\t\t\t\t\t\t\t\t<section class=\"elementor-section elementor-top-section elementor-element elementor-element-4faa645d elementor-section-boxed elementor-section-height-default elementor-section-height-default\" data-id=\"4faa645d\" data-element_type=\"section\">\n\t\t\t\t\t\t<div class=\"elementor-container elementor-column-gap-default\">\n\t\t\t\t\t\t\t<div class=\"elementor-row\">\n\t\t\t\t\t<div class=\"elementor-column elementor-col-100 elementor-top-column elementor-element elementor-element-1776daae\" data-id=\"1776daae\" data-element_type=\"column\">\n\t\t\t<div class=\"elementor-column-wrap elementor-element-populated\">\n\t\t\t\t\t\t\t<div class=\"elementor-widget-wrap\">\n\t\t\t\t\t\t<div class=\"elementor-element elementor-element-724645f0 elementor-widget elementor-widget-text-editor\" data-id=\"724645f0\" data-element_type=\"widget\" data-widget_type=\"text-editor.default\">\n\t\t\t\t<div class=\"elementor-widget-container\">\n\t\t\t\t\t\t\t\t<div class=\"elementor-text-editor elementor-clearfix\">\n\t\t\t\t<h2>Impressum<\/h2><h3>Angaben gem\u00e4\u00df \u00a7 5 TMG<\/h3><p>Brite Dent GmbH<br \/>Br\u00fchl 4<br \/>04109 Leipzig<\/p><p>Handelsregister: HRB 23924<br \/>Registergericht: Leipzig<\/p><p><strong>Vertreten durch die Gesch\u00e4ftsf\u00fchrer:<\/strong><br \/>J\u00f6rg Warschat<\/p><h3>Kontakt<\/h3><p>Telefon: +49 (0)341 \/ 9625252<br \/>E-Mail: info@white-lounge.com<\/p><h3>Credits<\/h3><p>Icons made by <a title=\"Freepik\" href=\"https:\/\/www.freepik.com\/\">Freepik<\/a> from <a title=\"Flaticon\" href=\"https:\/\/www.flaticon.com\/\">www.flaticon.com<\/a> is licensed by <a title=\"Creative Commons BY 3.0\" href=\"http:\/\/creativecommons.org\/licenses\/by\/3.0\/\" target=\"_blank\" rel=\"noopener\">CC 3.0 BY<\/a><\/p><h3>Umsatzsteuer-ID<\/h3><p>Umsatzsteuer-Identifikationsnummer gem\u00e4\u00df \u00a727 a Umsatzsteuergesetz:<br \/>DE 259157833<\/p><h3>Aufsichtsbeh\u00f6rde<\/h3><p>S\u00e4chsische Staatsministerium f\u00fcr Soziales und Verbraucherschutz (SMS)<br \/>Albertstra\u00dfe 10<br \/>01097 Dresden<\/p><p><a href=\"https:\/\/www.sms.sachsen.de\" target=\"_blank\" rel=\"noopener\">https:\/\/www.sms.sachsen.de<\/a><\/p><h3>Berufsbezeichnung und berufsrechtliche Regelungen<\/h3><p>Berufsbezeichnung: Zahn\u00e4rzte<br \/>Zust\u00e4ndige Kammer: Landeszahn\u00e4rztekammer Sachsen<br \/>Verliehen durch: Deutschland<br \/>Es gelten folgende berufsrechtliche Regelungen: Zahnheilkundegesetz (BGBl. I 1952, S. 125), Heilberufe-Kammergesetz, Geb\u00fchrenordnung f\u00fcr Zahn\u00e4rzte<br \/>Regelungen einsehbar unter: <a href=\"http:\/\/www.gesetze-im-internet.de\/goz_1987\/BJNR023160987.html\" target=\"_blank\" rel=\"noopener\">http:\/\/www.gesetze-im-internet.de\/goz_1987\/BJNR023160987.html<\/a><\/p><h3>Streitschlichtung<\/h3><p>Die Europ\u00e4ische Kommission stellt eine Plattform zur Online-Streitbeilegung (OS) bereit: <a href=\"https:\/\/ec.europa.eu\/consumers\/odr\" target=\"_blank\" rel=\"noopener\">https:\/\/ec.europa.eu\/consumers\/odr<\/a>.<br \/>Unsere E-Mail-Adresse finden Sie oben im Impressum.<\/p><p>Wir sind nicht bereit oder verpflichtet, an Streitbeilegungsverfahren vor einer Verbraucherschlichtungsstelle teilzunehmen.<\/p><h4>Haftung f\u00fcr Inhalte<\/h4><p>Als Diensteanbieter sind wir gem\u00e4\u00df \u00a7 7 Abs.1 TMG f\u00fcr eigene Inhalte auf diesen Seiten nach den allgemeinen Gesetzen verantwortlich. Nach \u00a7\u00a7 8 bis 10 TMG sind wir als Diensteanbieter jedoch nicht verpflichtet, \u00fcbermittelte oder gespeicherte fremde Informationen zu \u00fcberwachen oder nach Umst\u00e4nden zu forschen, die auf eine rechtswidrige T\u00e4tigkeit hinweisen.<\/p><p>Verpflichtungen zur Entfernung oder Sperrung der Nutzung von Informationen nach den allgemeinen Gesetzen bleiben hiervon unber\u00fchrt. Eine diesbez\u00fcgliche Haftung ist jedoch erst ab dem Zeitpunkt der Kenntnis einer konkreten Rechtsverletzung m\u00f6glich. Bei Bekanntwerden von entsprechenden Rechtsverletzungen werden wir diese Inhalte umgehend entfernen.<\/p><h4>Haftung f\u00fcr Links<\/h4><p>Unser Angebot enth\u00e4lt Links zu externen Websites Dritter, auf deren Inhalte wir keinen Einfluss haben. Deshalb k\u00f6nnen wir f\u00fcr diese fremden Inhalte auch keine Gew\u00e4hr \u00fcbernehmen. F\u00fcr die Inhalte der verlinkten Seiten ist stets der jeweilige Anbieter oder Betreiber der Seiten verantwortlich. Die verlinkten Seiten wurden zum Zeitpunkt der Verlinkung auf m\u00f6gliche Rechtsverst\u00f6\u00dfe \u00fcberpr\u00fcft. Rechtswidrige Inhalte waren zum Zeitpunkt der Verlinkung nicht erkennbar.<\/p><p>Eine permanente inhaltliche Kontrolle der verlinkten Seiten ist jedoch ohne konkrete Anhaltspunkte einer Rechtsverletzung nicht zumutbar. Bei Bekanntwerden von Rechtsverletzungen werden wir derartige Links umgehend entfernen.<\/p><h4>Urheberrecht<\/h4><p>Die durch die Seitenbetreiber erstellten Inhalte und Werke auf diesen Seiten unterliegen dem deutschen Urheberrecht. Die Vervielf\u00e4ltigung, Bearbeitung, Verbreitung und jede Art der Verwertung au\u00dferhalb der Grenzen des Urheberrechtes bed\u00fcrfen der schriftlichen Zustimmung des jeweiligen Autors bzw. Erstellers. Downloads und Kopien dieser Seite sind nur f\u00fcr den privaten, nicht kommerziellen Gebrauch gestattet.<\/p><p>Soweit die Inhalte auf dieser Seite nicht vom Betreiber erstellt wurden, werden die Urheberrechte Dritter beachtet. Insbesondere werden Inhalte Dritter als solche gekennzeichnet. Sollten Sie trotzdem auf eine Urheberrechtsverletzung aufmerksam werden, bitten wir um einen entsprechenden Hinweis. Bei Bekanntwerden von Rechtsverletzungen werden wir derartige Inhalte umgehend entfernen.<\/p>\t\t\t\t\t<\/div>\n\t\t\t\t\t\t<\/div>\n\t\t\t\t<\/div>\n\t\t\t\t\t\t<\/div>\n\t\t\t\t\t<\/div>\n\t\t<\/div>\n\t\t\t\t\t\t\t\t<\/div>\n\t\t\t\t\t<\/div>\n\t\t<\/section>\n\t\t\t\t\t\t\t\t\t<\/div>\n\t\t\t<\/div>\n\t\t\t\t\t<\/div>\n\t\t","protected":false},"excerpt":{"rendered":"<p>Impressum Angaben gem\u00e4\u00df \u00a7 5 TMG Brite Dent GmbHBr\u00fchl 404109 Leipzig Handelsregister: HRB 23924Registergericht: Leipzig Vertreten durch die Gesch\u00e4ftsf\u00fchrer:J\u00f6rg Warschat Kontakt Telefon: +49 (0)341 \/ 9625252E-Mail: info@white-lounge.com Credits Icons made by Freepik from www.flaticon.com is licensed by CC 3.0 BY Umsatzsteuer-ID Umsatzsteuer-Identifikationsnummer gem\u00e4\u00df \u00a727 a Umsatzsteuergesetz:DE 259157833 Aufsichtsbeh\u00f6rde S\u00e4chsische Staatsministerium f\u00fcr Soziales und Verbraucherschutz (SMS)Albertstra\u00dfe [&hellip;]<\/p>\n","protected":false},"author":1,"featured_media":0,"parent":0,"menu_order":0,"comment_status":"closed","ping_status":"closed","template":"elementor_canvas","meta":{"inline_featured_image":false},"_links":{"self":[{"href":"https:\/\/leipzig.white-lounge.com\/veneers\/wp-json\/wp\/v2\/pages\/11"}],"collection":[{"href":"https:\/\/leipzig.white-lounge.com\/veneers\/wp-json\/wp\/v2\/pages"}],"about":[{"href":"https:\/\/leipzig.white-lounge.com\/veneers\/wp-json\/wp\/v2\/types\/page"}],"author":[{"embeddable":true,"href":"https:\/\/leipzig.white-lounge.com\/veneers\/wp-json\/wp\/v2\/users\/1"}],"replies":[{"embeddable":true,"href":"https:\/\/leipzig.white-lounge.com\/veneers\/wp-json\/wp\/v2\/comments?post=11"}],"version-history":[{"count":2,"href":"https:\/\/leipzig.white-lounge.com\/veneers\/wp-json\/wp\/v2\/pages\/11\/revisions"}],"predecessor-version":[{"id":32,"href":"https:\/\/leipzig.white-lounge.com\/veneers\/wp-json\/wp\/v2\/pages\/11\/revisions\/32"}],"wp:attachment":[{"href":"https:\/\/leipzig.white-lounge.com\/veneers\/wp-json\/wp\/v2\/media?parent=11"}],"curies":[{"name":"wp","href":"https:\/\/api.w.org\/{rel}","templated":true}]}}